{"id":90,"date":"2024-11-29T16:30:21","date_gmt":"2024-11-29T15:30:21","guid":{"rendered":"https:\/\/locabilis.staging1.net\/?page_id=90"},"modified":"2026-03-11T16:15:43","modified_gmt":"2026-03-11T15:15:43","slug":"impressum","status":"publish","type":"page","link":"https:\/\/locabilis.staging1.net\/en\/impressum\/","title":{"rendered":"Imprint"},"content":{"rendered":"<div data-elementor-type=\"wp-page\" data-elementor-id=\"90\" class=\"elementor elementor-90\" data-elementor-post-type=\"page\">\n\t\t\t\t<div class=\"elementor-element elementor-element-44473555 e-flex e-con-boxed e-con e-parent\" data-id=\"44473555\" data-element_type=\"container\" data-e-type=\"container\">\n\t\t\t\t\t<div class=\"e-con-inner\">\n\t\t\t\t<div class=\"elementor-element elementor-element-196a424b elementor-widget elementor-widget-text-editor\" data-id=\"196a424b\" data-element_type=\"widget\" data-e-type=\"widget\" data-widget_type=\"text-editor.default\">\n\t\t\t\t\t\t\t\t\t<h1 data-section-id=\"wqzoil\" data-start=\"188\" data-end=\"199\">Imprint<\/h1><h2 data-section-id=\"q0rsbp\" data-start=\"201\" data-end=\"227\">Betreiber der Plattform<\/h2><p data-start=\"229\" data-end=\"299\"><strong data-start=\"229\" data-end=\"246\">credxperts AG<\/strong><br data-start=\"246\" data-end=\"249\" \/>Lindenackerstrasse 1a<br data-start=\"270\" data-end=\"273\" \/>8360 Eschlikon<br data-start=\"287\" data-end=\"290\" \/>Schweiz<\/p><p data-start=\"301\" data-end=\"353\">Telefon: 044 244 34 04<br data-start=\"323\" data-end=\"326\" \/>E-Mail: <a class=\"decorated-link cursor-pointer\" rel=\"noopener\" data-start=\"334\" data-end=\"351\">info@locabilis.ch<\/a><\/p><p data-start=\"355\" data-end=\"404\">Vertreten durch:<br data-start=\"371\" data-end=\"374\" \/>Gesch\u00e4ftsleitung credxperts AG<\/p><hr data-start=\"406\" data-end=\"409\" \/><h2 data-section-id=\"1i6gotx\" data-start=\"411\" data-end=\"431\">\u00dcber locabilis.ch<\/h2><p data-start=\"433\" data-end=\"671\">locabilis.ch ist ein digitales Branchenportal f\u00fcr Unternehmen in der Schweiz.<br data-start=\"510\" data-end=\"513\" \/>Die Plattform erm\u00f6glicht es Unternehmen, Firmenprofile, Branchenverzeichniseintr\u00e4ge sowie Pressemitteilungen und Unternehmensinformationen zu ver\u00f6ffentlichen.<\/p><p data-start=\"673\" data-end=\"880\">Ziel von locabilis.ch ist es, die Sichtbarkeit von Unternehmen im Internet zu erh\u00f6hen und Nutzern eine einfache M\u00f6glichkeit zu bieten, passende Firmen, Dienstleistungen und Anbieter in der Schweiz zu finden.<\/p><hr data-start=\"882\" data-end=\"885\" \/><h2 data-section-id=\"1yifl89\" data-start=\"887\" data-end=\"909\">Haftung f\u00fcr Inhalte<\/h2><p data-start=\"911\" data-end=\"1089\">Die Inhalte der Unternehmenseintr\u00e4ge, Firmenprofile und Pressemitteilungen auf locabilis.ch werden von den jeweiligen Unternehmen oder Nutzern selbst erstellt und ver\u00f6ffentlicht.<\/p><p data-start=\"1091\" data-end=\"1320\">Die credxperts AG \u00fcbernimmt keine Gew\u00e4hr f\u00fcr die Richtigkeit, Vollst\u00e4ndigkeit oder Aktualit\u00e4t der bereitgestellten Informationen. F\u00fcr die Inhalte der einzelnen Eintr\u00e4ge sind ausschliesslich die jeweiligen Anbieter verantwortlich.<\/p><p data-start=\"1322\" data-end=\"1500\">Sollten Inhalte gegen geltendes Recht verstossen oder Rechte Dritter verletzen, bitten wir um eine entsprechende Mitteilung. Solche Inhalte werden nach Pr\u00fcfung umgehend entfernt.<\/p><hr data-start=\"1502\" data-end=\"1505\" \/><h2 data-section-id=\"18g7ogp\" data-start=\"1507\" data-end=\"1527\">Haftung f\u00fcr Links<\/h2><p data-start=\"1529\" data-end=\"1780\">Unser Branchenportal enth\u00e4lt m\u00f6glicherweise Links zu externen Websites Dritter. Auf die Inhalte dieser Websites haben wir keinen Einfluss. F\u00fcr die Inhalte der verlinkten Seiten ist stets der jeweilige Anbieter oder Betreiber der Seiten verantwortlich.<\/p><p data-start=\"1782\" data-end=\"1994\">Zum Zeitpunkt der Verlinkung waren keine rechtswidrigen Inhalte erkennbar. Eine permanente inhaltliche Kontrolle der verlinkten Seiten ist jedoch ohne konkrete Anhaltspunkte einer Rechtsverletzung nicht zumutbar.<\/p><hr data-start=\"1996\" data-end=\"1999\" \/><h2 data-section-id=\"4scjf6\" data-start=\"2001\" data-end=\"2016\">Urheberrecht<\/h2><p data-start=\"2018\" data-end=\"2262\">Die auf locabilis.ch ver\u00f6ffentlichten Inhalte und Werke unterliegen dem schweizerischen Urheberrecht. Jede Art der Verwertung ausserhalb der Grenzen des Urheberrechts bedarf der vorherigen schriftlichen Zustimmung des jeweiligen Rechteinhabers.<\/p><p data-start=\"2264\" data-end=\"2376\">Inhalte, die von Unternehmen oder Nutzern selbst eingestellt werden, bleiben im Eigentum der jeweiligen Autoren.<\/p><hr data-start=\"2378\" data-end=\"2381\" \/><h2 data-section-id=\"su23et\" data-start=\"2383\" data-end=\"2393\">Kontakt<\/h2><p data-start=\"2395\" data-end=\"2492\">Bei Fragen zu dieser Website oder zu Unternehmenseintr\u00e4gen k\u00f6nnen Sie uns jederzeit kontaktieren:<\/p><p data-start=\"2494\" data-end=\"2546\">E-Mail: <a class=\"decorated-link cursor-pointer\" rel=\"noopener\" data-start=\"2502\" data-end=\"2519\">info@locabilis.ch<\/a><br data-start=\"2519\" data-end=\"2522\" \/>Telefon: 044 244 34 04<\/p>\t\t\t\t\t\t\t\t<\/div>\n\t\t\t\t\t<\/div>\n\t\t\t\t<\/div>\n\t\t\t\t<\/div>","protected":false},"excerpt":{"rendered":"<p>Impressum Betreiber der Plattform credxperts AGLindenackerstrasse 1a8360 EschlikonSchweiz Telefon: 044 244 34 04E-Mail: info@locabilis.ch Vertreten durch:Gesch\u00e4ftsleitung credxperts AG \u00dcber locabilis.ch locabilis.ch ist ein digitales Branchenportal f\u00fcr Unternehmen in der Schweiz.Die Plattform erm\u00f6glicht es Unternehmen, Firmenprofile, Branchenverzeichniseintr\u00e4ge sowie Pressemitteilungen und Unternehmensinformationen zu ver\u00f6ffentlichen. Ziel von locabilis.ch ist es, die Sichtbarkeit von Unternehmen im Internet zu erh\u00f6hen [&hellip;]<\/p>\n","protected":false},"author":5,"featured_media":0,"parent":0,"menu_order":0,"comment_status":"closed","ping_status":"closed","template":"","meta":{"_acf_changed":false,"_seopress_robots_primary_cat":"","_seopress_titles_title":"","_seopress_titles_desc":"","_seopress_robots_index":"","footnotes":""},"categories":[],"class_list":["post-90","page","type-page","status-publish","hentry"],"acf":[],"_links":{"self":[{"href":"https:\/\/locabilis.staging1.net\/en\/wp-json\/wp\/v2\/pages\/90","targetHints":{"allow":["GET"]}}],"collection":[{"href":"https:\/\/locabilis.staging1.net\/en\/wp-json\/wp\/v2\/pages"}],"about":[{"href":"https:\/\/locabilis.staging1.net\/en\/wp-json\/wp\/v2\/types\/page"}],"author":[{"embeddable":true,"href":"https:\/\/locabilis.staging1.net\/en\/wp-json\/wp\/v2\/users\/5"}],"replies":[{"embeddable":true,"href":"https:\/\/locabilis.staging1.net\/en\/wp-json\/wp\/v2\/comments?post=90"}],"version-history":[{"count":6,"href":"https:\/\/locabilis.staging1.net\/en\/wp-json\/wp\/v2\/pages\/90\/revisions"}],"predecessor-version":[{"id":4322,"href":"https:\/\/locabilis.staging1.net\/en\/wp-json\/wp\/v2\/pages\/90\/revisions\/4322"}],"wp:attachment":[{"href":"https:\/\/locabilis.staging1.net\/en\/wp-json\/wp\/v2\/media?parent=90"}],"wp:term":[{"taxonomy":"category","embeddable":true,"href":"https:\/\/locabilis.staging1.net\/en\/wp-json\/wp\/v2\/categories?post=90"}],"curies":[{"name":"wp","href":"https:\/\/api.w.org\/{rel}","templated":true}]}}