{"id":4324,"date":"2026-03-11T16:23:36","date_gmt":"2026-03-11T15:23:36","guid":{"rendered":"https:\/\/locabilis.staging1.net\/?page_id=4324"},"modified":"2026-03-11T16:24:34","modified_gmt":"2026-03-11T15:24:34","slug":"agb","status":"publish","type":"page","link":"https:\/\/locabilis.staging1.net\/fr\/agb\/","title":{"rendered":"CONDITIONS G\u00c9N\u00c9RALES DE VENTE"},"content":{"rendered":"<div data-elementor-type=\"wp-page\" data-elementor-id=\"4324\" class=\"elementor elementor-4324\" data-elementor-post-type=\"page\">\n\t\t\t\t<div class=\"elementor-element elementor-element-44473555 e-flex e-con-boxed e-con e-parent\" data-id=\"44473555\" data-element_type=\"container\" data-e-type=\"container\">\n\t\t\t\t\t<div class=\"e-con-inner\">\n\t\t\t\t<div class=\"elementor-element elementor-element-196a424b elementor-widget elementor-widget-text-editor\" data-id=\"196a424b\" data-element_type=\"widget\" data-e-type=\"widget\" data-widget_type=\"text-editor.default\">\n\t\t\t\t\t\t\t\t\t<h1 data-section-id=\"nerbhd\" data-start=\"384\" data-end=\"423\">Allgemeine Gesch\u00e4ftsbedingungen (AGB)<\/h1><h2 data-section-id=\"1yhkycd\" data-start=\"425\" data-end=\"446\">1. Geltungsbereich<\/h2><p data-start=\"448\" data-end=\"596\">Diese Allgemeinen Gesch\u00e4ftsbedingungen (AGB) regeln die Nutzung der Plattform <strong data-start=\"526\" data-end=\"542\">locabilis.ch<\/strong>, einem Branchenportal f\u00fcr Unternehmen in der Schweiz.<\/p><p data-start=\"598\" data-end=\"626\">Betreiber der Plattform ist:<\/p><p data-start=\"628\" data-end=\"698\"><strong data-start=\"628\" data-end=\"645\">credxperts AG<\/strong><br data-start=\"645\" data-end=\"648\" \/>Lindenackerstrasse 1a<br data-start=\"669\" data-end=\"672\" \/>8360 Eschlikon<br data-start=\"686\" data-end=\"689\" \/>Schweiz<\/p><p data-start=\"700\" data-end=\"752\">Telefon: 044 244 34 04<br data-start=\"722\" data-end=\"725\" \/>E-Mail: <a class=\"decorated-link cursor-pointer\" rel=\"noopener\" data-start=\"733\" data-end=\"750\">info@locabilis.ch<\/a><\/p><p data-start=\"754\" data-end=\"909\">Die Plattform erm\u00f6glicht Unternehmen, Firmenprofile, Branchenverzeichniseintr\u00e4ge sowie Pressemitteilungen und Unternehmensinformationen zu ver\u00f6ffentlichen.<\/p><p data-start=\"911\" data-end=\"974\">Mit der Nutzung der Plattform akzeptieren die Nutzer diese AGB.<\/p><hr data-start=\"976\" data-end=\"979\" \/><h2 data-section-id=\"1y4evok\" data-start=\"981\" data-end=\"1013\">2. Leistungen von locabilis.ch<\/h2><p data-start=\"1015\" data-end=\"1092\">locabilis.ch stellt eine Online-Plattform zur Verf\u00fcgung, auf der Unternehmen:<\/p><ul data-start=\"1094\" data-end=\"1301\"><li data-section-id=\"1kz9hl2\" data-start=\"1094\" data-end=\"1121\"><p data-start=\"1096\" data-end=\"1121\">Firmenprofile erstellen<\/p><\/li><li data-section-id=\"kz0gzt\" data-start=\"1122\" data-end=\"1162\"><p data-start=\"1124\" data-end=\"1162\">Unternehmenseintr\u00e4ge ver\u00f6ffentlichen<\/p><\/li><li data-section-id=\"vqbd46\" data-start=\"1163\" data-end=\"1196\"><p data-start=\"1165\" data-end=\"1196\">Dienstleistungen pr\u00e4sentieren<\/p><\/li><li data-section-id=\"4tmac4\" data-start=\"1197\" data-end=\"1235\"><p data-start=\"1199\" data-end=\"1235\">Pressemitteilungen ver\u00f6ffentlichen<\/p><\/li><li data-section-id=\"75oeae\" data-start=\"1236\" data-end=\"1301\"><p data-start=\"1238\" data-end=\"1301\">Kontaktdaten und Unternehmensinformationen bereitstellen k\u00f6nnen<\/p><\/li><\/ul><p data-start=\"1303\" data-end=\"1391\">Der Betreiber stellt lediglich die Plattform zur Ver\u00f6ffentlichung dieser Inhalte bereit.<\/p><p data-start=\"1393\" data-end=\"1482\">Es besteht kein Anspruch auf Ver\u00f6ffentlichung oder dauerhafte Speicherung eines Eintrags.<\/p><hr data-start=\"1484\" data-end=\"1487\" \/><h2 data-section-id=\"oi1mdy\" data-start=\"1489\" data-end=\"1548\">3. Registrierung und Erstellung von Unternehmenseintr\u00e4gen<\/h2><p data-start=\"1550\" data-end=\"1638\">Unternehmen k\u00f6nnen auf locabilis.ch einen Eintrag erstellen und ihre Firma pr\u00e4sentieren.<\/p><p data-start=\"1640\" data-end=\"1671\">Dabei verpflichten sich Nutzer:<\/p><ul data-start=\"1673\" data-end=\"1898\"><li data-section-id=\"6rg1t6\" data-start=\"1673\" data-end=\"1711\"><p data-start=\"1675\" data-end=\"1711\">wahrheitsgem\u00e4sse Angaben zu machen<\/p><\/li><li data-section-id=\"ohrk9t\" data-start=\"1712\" data-end=\"1771\"><p data-start=\"1714\" data-end=\"1771\">nur eigene oder autorisierte Inhalte zu ver\u00f6ffentlichen<\/p><\/li><li data-section-id=\"2sxvfp\" data-start=\"1772\" data-end=\"1817\"><p data-start=\"1774\" data-end=\"1817\">keine rechtswidrigen Inhalte einzustellen<\/p><\/li><li data-section-id=\"ouynpf\" data-start=\"1818\" data-end=\"1898\"><p data-start=\"1820\" data-end=\"1898\">keine irref\u00fchrenden oder falschen Unternehmensinformationen zu ver\u00f6ffentlichen<\/p><\/li><\/ul><p data-start=\"1900\" data-end=\"1999\">Der Betreiber beh\u00e4lt sich das Recht vor, Eintr\u00e4ge jederzeit zu pr\u00fcfen, zu \u00e4ndern oder zu entfernen.<\/p><hr data-start=\"2001\" data-end=\"2004\" \/><h2 data-section-id=\"104ozr3\" data-start=\"2006\" data-end=\"2036\">4. Verantwortung f\u00fcr Inhalte<\/h2><p data-start=\"2038\" data-end=\"2154\">F\u00fcr die Inhalte der Unternehmenseintr\u00e4ge sind ausschliesslich die jeweiligen Unternehmen oder Nutzer verantwortlich.<\/p><p data-start=\"2156\" data-end=\"2197\">Der Betreiber \u00fcbernimmt keine Gew\u00e4hr f\u00fcr:<\/p><ul data-start=\"2199\" data-end=\"2301\"><li data-section-id=\"4s7jgq\" data-start=\"2199\" data-end=\"2230\"><p data-start=\"2201\" data-end=\"2230\">die Richtigkeit der Angaben<\/p><\/li><li data-section-id=\"1myxdnx\" data-start=\"2231\" data-end=\"2266\"><p data-start=\"2233\" data-end=\"2266\">die Vollst\u00e4ndigkeit der Inhalte<\/p><\/li><li data-section-id=\"dbfcrj\" data-start=\"2267\" data-end=\"2301\"><p data-start=\"2269\" data-end=\"2301\">die Aktualit\u00e4t der Informationen<\/p><\/li><\/ul><p data-start=\"2303\" data-end=\"2399\">Unternehmen sind verpflichtet sicherzustellen, dass ihre Inhalte keine Rechte Dritter verletzen.<\/p><hr data-start=\"2401\" data-end=\"2404\" \/><h2 data-section-id=\"18d3wm0\" data-start=\"2406\" data-end=\"2428\">5. Verbotene Inhalte<\/h2><p data-start=\"2430\" data-end=\"2495\">Auf locabilis.ch d\u00fcrfen keine Inhalte ver\u00f6ffentlicht werden, die:<\/p><ul data-start=\"2497\" data-end=\"2709\"><li data-section-id=\"vqkpjj\" data-start=\"2497\" data-end=\"2533\"><p data-start=\"2499\" data-end=\"2533\">gegen geltendes Recht verstossen<\/p><\/li><li data-section-id=\"1hi4gfv\" data-start=\"2534\" data-end=\"2572\"><p data-start=\"2536\" data-end=\"2572\">irref\u00fchrend oder betr\u00fcgerisch sind<\/p><\/li><li data-section-id=\"12uszrn\" data-start=\"2573\" data-end=\"2614\"><p data-start=\"2575\" data-end=\"2614\">beleidigend oder diskriminierend sind<\/p><\/li><li data-section-id=\"1u4r3az\" data-start=\"2615\" data-end=\"2660\"><p data-start=\"2617\" data-end=\"2660\">Spam oder unerw\u00fcnschte Werbung darstellen<\/p><\/li><li data-section-id=\"1gidg7f\" data-start=\"2661\" data-end=\"2709\"><p data-start=\"2663\" data-end=\"2709\">Rechte Dritter verletzen (z. B. Urheberrechte)<\/p><\/li><\/ul><p data-start=\"2711\" data-end=\"2789\">Der Betreiber ist berechtigt, solche Inhalte ohne Vorank\u00fcndigung zu entfernen.<\/p><hr data-start=\"2791\" data-end=\"2794\" \/><h2 data-section-id=\"vtwohu\" data-start=\"2796\" data-end=\"2840\">6. Ver\u00f6ffentlichung von Pressemitteilungen<\/h2><p data-start=\"2842\" data-end=\"2934\">Unternehmen k\u00f6nnen auf locabilis.ch Pressemitteilungen und Unternehmensnews ver\u00f6ffentlichen.<\/p><p data-start=\"2936\" data-end=\"3061\">Die Verantwortung f\u00fcr Inhalt und Rechtm\u00e4ssigkeit dieser Ver\u00f6ffentlichungen liegt ausschliesslich beim jeweiligen Unternehmen.<\/p><p data-start=\"3063\" data-end=\"3144\">Der Betreiber \u00fcbernimmt keine inhaltliche Pr\u00fcfung der ver\u00f6ffentlichten Meldungen.<\/p><hr data-start=\"3146\" data-end=\"3149\" \/><h2 data-section-id=\"12qs15k\" data-start=\"3151\" data-end=\"3163\">7. Haftung<\/h2><p data-start=\"3165\" data-end=\"3310\">Der Betreiber haftet nicht f\u00fcr Sch\u00e4den, die durch die Nutzung der Plattform entstehen, ausser bei vors\u00e4tzlichem oder grob fahrl\u00e4ssigem Verhalten.<\/p><p data-start=\"3312\" data-end=\"3356\">Insbesondere haftet der Betreiber nicht f\u00fcr:<\/p><ul data-start=\"3358\" data-end=\"3533\"><li data-section-id=\"mzqxbv\" data-start=\"3358\" data-end=\"3402\"><p data-start=\"3360\" data-end=\"3402\">falsche Angaben in Unternehmenseintr\u00e4gen<\/p><\/li><li data-section-id=\"19ejn7j\" data-start=\"3403\" data-end=\"3433\"><p data-start=\"3405\" data-end=\"3433\">Inhalte von Drittanbietern<\/p><\/li><li data-section-id=\"1wdm7p2\" data-start=\"3434\" data-end=\"3533\"><p data-start=\"3436\" data-end=\"3533\">wirtschaftliche Entscheidungen, die auf Basis der ver\u00f6ffentlichten Informationen getroffen werden<\/p><\/li><\/ul><hr data-start=\"3535\" data-end=\"3538\" \/><h2 data-section-id=\"2npzsm\" data-start=\"3540\" data-end=\"3572\">8. Verf\u00fcgbarkeit der Plattform<\/h2><p data-start=\"3574\" data-end=\"3651\">Der Betreiber bem\u00fcht sich um eine m\u00f6glichst hohe Verf\u00fcgbarkeit der Plattform.<\/p><p data-start=\"3653\" data-end=\"3738\">Es besteht jedoch kein Anspruch auf eine jederzeit st\u00f6rungsfreie Nutzung der Website.<\/p><p data-start=\"3740\" data-end=\"3843\">Wartungsarbeiten, technische Probleme oder andere Umst\u00e4nde k\u00f6nnen zu tempor\u00e4ren Einschr\u00e4nkungen f\u00fchren.<\/p><hr data-start=\"3845\" data-end=\"3848\" \/><h2 data-section-id=\"20o743\" data-start=\"3850\" data-end=\"3868\">9. Urheberrechte<\/h2><p data-start=\"3870\" data-end=\"3925\">Die Inhalte der Plattform unterliegen dem Urheberrecht.<\/p><p data-start=\"3927\" data-end=\"4002\">Unternehmen behalten die Rechte an ihren eigenen ver\u00f6ffentlichten Inhalten.<\/p><p data-start=\"4004\" data-end=\"4164\">Mit der Ver\u00f6ffentlichung auf locabilis.ch r\u00e4umt der Nutzer dem Betreiber das Recht ein, die Inhalte im Rahmen der Plattform darzustellen und zu ver\u00f6ffentlichen.<\/p><hr data-start=\"4166\" data-end=\"4169\" \/><h2 data-section-id=\"8o9i5q\" data-start=\"4171\" data-end=\"4201\">10. Entfernung von Eintr\u00e4gen<\/h2><p data-start=\"4203\" data-end=\"4266\">Der Betreiber beh\u00e4lt sich das Recht vor, Eintr\u00e4ge jederzeit zu:<\/p><ul data-start=\"4268\" data-end=\"4309\"><li data-section-id=\"1uk3f0t\" data-start=\"4268\" data-end=\"4282\"><p data-start=\"4270\" data-end=\"4282\">bearbeiten<\/p><\/li><li data-section-id=\"epr89p\" data-start=\"4283\" data-end=\"4299\"><p data-start=\"4285\" data-end=\"4299\">deaktivieren<\/p><\/li><li data-section-id=\"1bt06o1\" data-start=\"4300\" data-end=\"4309\"><p data-start=\"4302\" data-end=\"4309\">l\u00f6schen<\/p><\/li><\/ul><p data-start=\"4311\" data-end=\"4365\">Dies gilt insbesondere bei Verst\u00f6ssen gegen diese AGB.<\/p><hr data-start=\"4367\" data-end=\"4370\" \/><h2 data-section-id=\"b4p1pt\" data-start=\"4372\" data-end=\"4389\">11. Datenschutz<\/h2><p data-start=\"4391\" data-end=\"4476\">Die Verarbeitung personenbezogener Daten erfolgt gem\u00e4ss unserer Datenschutzerkl\u00e4rung.<\/p><p data-start=\"4478\" data-end=\"4513\">Diese ist auf der Website abrufbar.<\/p><hr data-start=\"4515\" data-end=\"4518\" \/><h2 data-section-id=\"1soupbm\" data-start=\"4520\" data-end=\"4544\">12. \u00c4nderungen der AGB<\/h2><p data-start=\"4546\" data-end=\"4607\">Der Betreiber beh\u00e4lt sich vor, diese AGB jederzeit zu \u00e4ndern.<\/p><p data-start=\"4609\" data-end=\"4674\">Die jeweils aktuelle Version wird auf der Website ver\u00f6ffentlicht.<\/p><hr data-start=\"4676\" data-end=\"4679\" \/><h2 data-section-id=\"1tmn54i\" data-start=\"4681\" data-end=\"4704\">13. Anwendbares Recht<\/h2><p data-start=\"4706\" data-end=\"4752\">Es gilt ausschliesslich das Recht der Schweiz.<\/p><p data-start=\"4754\" data-end=\"4824\">Gerichtsstand ist der Sitz des Betreibers, sofern gesetzlich zul\u00e4ssig.<\/p><hr data-start=\"4826\" data-end=\"4829\" \/><h2 data-section-id=\"d7ui7h\" data-start=\"4831\" data-end=\"4844\">14. Kontakt<\/h2><p data-start=\"4846\" data-end=\"4909\">Bei Fragen zu diesen AGB k\u00f6nnen Sie uns jederzeit kontaktieren:<\/p><p data-start=\"4911\" data-end=\"4981\"><strong data-start=\"4911\" data-end=\"4928\">credxperts AG<\/strong><br data-start=\"4928\" data-end=\"4931\" \/>Lindenackerstrasse 1a<br data-start=\"4952\" data-end=\"4955\" \/>8360 Eschlikon<br data-start=\"4969\" data-end=\"4972\" \/>Schweiz<\/p><p data-start=\"4983\" data-end=\"5033\">Telefon: 044 244 34 04<br data-start=\"5005\" data-end=\"5008\" \/>E-Mail: <a class=\"decorated-link cursor-pointer\" rel=\"noopener\" data-start=\"5016\" data-end=\"5033\">info@locabilis.ch<\/a><\/p>\t\t\t\t\t\t\t\t<\/div>\n\t\t\t\t\t<\/div>\n\t\t\t\t<\/div>\n\t\t\t\t<\/div>","protected":false},"excerpt":{"rendered":"<p>Allgemeine Gesch\u00e4ftsbedingungen (AGB) 1. Geltungsbereich Diese Allgemeinen Gesch\u00e4ftsbedingungen (AGB) regeln die Nutzung der Plattform locabilis.ch, einem Branchenportal f\u00fcr Unternehmen in der Schweiz. Betreiber der Plattform ist: credxperts AGLindenackerstrasse 1a8360 EschlikonSchweiz Telefon: 044 244 34 04E-Mail: info@locabilis.ch Die Plattform erm\u00f6glicht Unternehmen, Firmenprofile, Branchenverzeichniseintr\u00e4ge sowie Pressemitteilungen und Unternehmensinformationen zu ver\u00f6ffentlichen. Mit der Nutzung der Plattform akzeptieren die [&hellip;]<\/p>\n","protected":false},"author":6,"featured_media":0,"parent":0,"menu_order":0,"comment_status":"closed","ping_status":"closed","template":"","meta":{"_acf_changed":false,"_seopress_robots_primary_cat":"","_seopress_titles_title":"","_seopress_titles_desc":"","_seopress_robots_index":"","footnotes":""},"categories":[],"class_list":["post-4324","page","type-page","status-publish","hentry"],"acf":[],"_links":{"self":[{"href":"https:\/\/locabilis.staging1.net\/fr\/wp-json\/wp\/v2\/pages\/4324","targetHints":{"allow":["GET"]}}],"collection":[{"href":"https:\/\/locabilis.staging1.net\/fr\/wp-json\/wp\/v2\/pages"}],"about":[{"href":"https:\/\/locabilis.staging1.net\/fr\/wp-json\/wp\/v2\/types\/page"}],"author":[{"embeddable":true,"href":"https:\/\/locabilis.staging1.net\/fr\/wp-json\/wp\/v2\/users\/6"}],"replies":[{"embeddable":true,"href":"https:\/\/locabilis.staging1.net\/fr\/wp-json\/wp\/v2\/comments?post=4324"}],"version-history":[{"count":7,"href":"https:\/\/locabilis.staging1.net\/fr\/wp-json\/wp\/v2\/pages\/4324\/revisions"}],"predecessor-version":[{"id":4331,"href":"https:\/\/locabilis.staging1.net\/fr\/wp-json\/wp\/v2\/pages\/4324\/revisions\/4331"}],"wp:attachment":[{"href":"https:\/\/locabilis.staging1.net\/fr\/wp-json\/wp\/v2\/media?parent=4324"}],"wp:term":[{"taxonomy":"category","embeddable":true,"href":"https:\/\/locabilis.staging1.net\/fr\/wp-json\/wp\/v2\/categories?post=4324"}],"curies":[{"name":"wp","href":"https:\/\/api.w.org\/{rel}","templated":true}]}}