{"id":92,"date":"2024-11-29T16:30:30","date_gmt":"2024-11-29T15:30:30","guid":{"rendered":"https:\/\/locabilis.staging1.net\/?page_id=92"},"modified":"2026-03-11T16:18:29","modified_gmt":"2026-03-11T15:18:29","slug":"datenschutz","status":"publish","type":"page","link":"https:\/\/locabilis.staging1.net\/fr\/datenschutz\/","title":{"rendered":"Datenschutz"},"content":{"rendered":"<h1 data-section-id=\"1oymf5x\" data-start=\"370\" data-end=\"392\">D\u00e9claration de confidentialit\u00e9<\/h1>\n<h2 data-section-id=\"193ry35\" data-start=\"394\" data-end=\"419\">1. Allgemeine Hinweise<\/h2>\n<p data-start=\"421\" data-end=\"659\">Der Schutz Ihrer pers\u00f6nlichen Daten ist uns ein wichtiges Anliegen. In dieser Datenschutzerkl\u00e4rung informieren wir Sie dar\u00fcber, welche personenbezogenen Daten auf der Website <strong data-start=\"596\" data-end=\"612\">locabilis.ch<\/strong> erhoben werden und wie diese verwendet werden.<\/p>\n<p data-start=\"661\" data-end=\"944\">Die Nutzung unserer Website ist grunds\u00e4tzlich ohne Angabe personenbezogener Daten m\u00f6glich. Sofern eine betroffene Person besondere Services unserer Website \u00fcber unsere Internetseite in Anspruch nehmen m\u00f6chte, kann jedoch eine Verarbeitung personenbezogener Daten erforderlich werden.<\/p>\n<p data-start=\"946\" data-end=\"1153\">Die Verarbeitung personenbezogener Daten erfolgt stets im Einklang mit dem <strong data-start=\"1021\" data-end=\"1058\">Schweizer Datenschutzgesetz (DSG)<\/strong> sowie \u2013 sofern anwendbar \u2013 der <strong data-start=\"1090\" data-end=\"1129\">Datenschutz-Grundverordnung (DSGVO)<\/strong> der Europ\u00e4ischen Union.<\/p>\n<hr data-start=\"1155\" data-end=\"1158\" \/>\n<h1 data-section-id=\"1aumx0y\" data-start=\"1160\" data-end=\"1187\">2. Verantwortliche Stelle<\/h1>\n<p data-start=\"1189\" data-end=\"1253\">Verantwortlich f\u00fcr die Datenverarbeitung auf dieser Website ist:<\/p>\n<p data-start=\"1255\" data-end=\"1325\"><strong data-start=\"1255\" data-end=\"1272\">credxperts AG<\/strong><br data-start=\"1272\" data-end=\"1275\" \/>Lindenackerstrasse 1a<br data-start=\"1296\" data-end=\"1299\" \/>8360 Eschlikon<br data-start=\"1313\" data-end=\"1316\" \/>Schweiz<\/p>\n<p data-start=\"1327\" data-end=\"1379\">Telefon: 044 244 34 04<br data-start=\"1349\" data-end=\"1352\" \/>E-Mail: <a class=\"decorated-link cursor-pointer\" rel=\"noopener\" data-start=\"1360\" data-end=\"1377\">info@locabilis.ch<\/a><\/p>\n<hr data-start=\"1381\" data-end=\"1384\" \/>\n<h1 data-section-id=\"aase8y\" data-start=\"1386\" data-end=\"1439\">3. Erhebung und Speicherung personenbezogener Daten<\/h1>\n<p data-start=\"1441\" data-end=\"1531\">Beim Besuch unserer Website werden automatisch bestimmte technische Informationen erfasst.<\/p>\n<p data-start=\"1533\" data-end=\"1553\">Dazu k\u00f6nnen geh\u00f6ren:<\/p>\n<ul data-start=\"1555\" data-end=\"1707\">\n<li data-section-id=\"1h0uk97\" data-start=\"1555\" data-end=\"1569\">\n<p data-start=\"1557\" data-end=\"1569\">IP-Adresse<\/p>\n<\/li>\n<li data-section-id=\"106rfz5\" data-start=\"1570\" data-end=\"1604\">\n<p data-start=\"1572\" data-end=\"1604\">Datum und Uhrzeit des Zugriffs<\/p>\n<\/li>\n<li data-section-id=\"lq55n4\" data-start=\"1605\" data-end=\"1638\">\n<p data-start=\"1607\" data-end=\"1638\">Browsertyp und Browserversion<\/p>\n<\/li>\n<li data-section-id=\"16zjdan\" data-start=\"1639\" data-end=\"1669\">\n<p data-start=\"1641\" data-end=\"1669\">verwendetes Betriebssystem<\/p>\n<\/li>\n<li data-section-id=\"anwpz4\" data-start=\"1670\" data-end=\"1686\">\n<p data-start=\"1672\" data-end=\"1686\">Referrer URL<\/p>\n<\/li>\n<li data-section-id=\"8hvtxz\" data-start=\"1687\" data-end=\"1707\">\n<p data-start=\"1689\" data-end=\"1707\">aufgerufene Seiten<\/p>\n<\/li>\n<\/ul>\n<p data-start=\"1709\" data-end=\"1845\">Diese Daten dienen ausschliesslich der Sicherstellung eines st\u00f6rungsfreien Betriebs der Website sowie zur Verbesserung unseres Angebots.<\/p>\n<p data-start=\"1847\" data-end=\"1920\">Eine Zusammenf\u00fchrung dieser Daten mit anderen Datenquellen erfolgt nicht.<\/p>\n<hr data-start=\"1922\" data-end=\"1925\" \/>\n<h1 data-section-id=\"qngphb\" data-start=\"1927\" data-end=\"1970\">4. Unternehmenseintr\u00e4ge und Firmenprofile<\/h1>\n<p data-start=\"1972\" data-end=\"2071\">locabilis.ch ist ein Branchenportal, auf dem Unternehmen ihre Firmenprofile ver\u00f6ffentlichen k\u00f6nnen.<\/p>\n<p data-start=\"2073\" data-end=\"2160\">Bei der Erstellung eines Unternehmenseintrags k\u00f6nnen folgende Daten gespeichert werden:<\/p>\n<ul data-start=\"2162\" data-end=\"2350\">\n<li data-section-id=\"1uigw44\" data-start=\"2162\" data-end=\"2176\">\n<p data-start=\"2164\" data-end=\"2176\">Firmenname<\/p>\n<\/li>\n<li data-section-id=\"1267t3q\" data-start=\"2177\" data-end=\"2196\">\n<p data-start=\"2179\" data-end=\"2196\">Ansprechpartner<\/p>\n<\/li>\n<li data-section-id=\"6lo1kv\" data-start=\"2197\" data-end=\"2208\">\n<p data-start=\"2199\" data-end=\"2208\">Adresse<\/p>\n<\/li>\n<li data-section-id=\"3hqahn\" data-start=\"2209\" data-end=\"2226\">\n<p data-start=\"2211\" data-end=\"2226\">Telefonnummer<\/p>\n<\/li>\n<li data-section-id=\"1iykec3\" data-start=\"2227\" data-end=\"2245\">\n<p data-start=\"2229\" data-end=\"2245\">E-Mail-Adresse<\/p>\n<\/li>\n<li data-section-id=\"2fichf\" data-start=\"2246\" data-end=\"2257\">\n<p data-start=\"2248\" data-end=\"2257\">Website<\/p>\n<\/li>\n<li data-section-id=\"mvay0b\" data-start=\"2258\" data-end=\"2291\">\n<p data-start=\"2260\" data-end=\"2291\">Beschreibung des Unternehmens<\/p>\n<\/li>\n<li data-section-id=\"dqlfeg\" data-start=\"2292\" data-end=\"2313\">\n<p data-start=\"2294\" data-end=\"2313\">Bilder oder Logos<\/p>\n<\/li>\n<li data-section-id=\"1nvfbta\" data-start=\"2314\" data-end=\"2350\">\n<p data-start=\"2316\" data-end=\"2350\">ver\u00f6ffentlichte Pressemitteilungen<\/p>\n<\/li>\n<\/ul>\n<p data-start=\"2352\" data-end=\"2466\">Diese Daten werden \u00f6ffentlich auf der Plattform angezeigt und dienen der Pr\u00e4sentation des jeweiligen Unternehmens.<\/p>\n<p data-start=\"2468\" data-end=\"2578\">Die Verantwortung f\u00fcr die Richtigkeit der Inhalte liegt beim jeweiligen Unternehmen, das den Eintrag erstellt.<\/p>\n<hr data-start=\"2580\" data-end=\"2583\" \/>\n<h1 data-section-id=\"dfznk\" data-start=\"2585\" data-end=\"2605\">5. Kontaktaufnahme<\/h1>\n<p data-start=\"2607\" data-end=\"2791\">Wenn Sie uns per E-Mail oder \u00fcber ein Kontaktformular kontaktieren, werden Ihre Angaben inklusive der von Ihnen dort angegebenen Kontaktdaten zur Bearbeitung Ihrer Anfrage gespeichert.<\/p>\n<p data-start=\"2793\" data-end=\"2851\">Diese Daten geben wir nicht ohne Ihre Einwilligung weiter.<\/p>\n<hr data-start=\"2853\" data-end=\"2856\" \/>\n<h1 data-section-id=\"vtwohu\" data-start=\"2858\" data-end=\"2902\">6. Ver\u00f6ffentlichung von Pressemitteilungen<\/h1>\n<p data-start=\"2904\" data-end=\"3003\">Unternehmen k\u00f6nnen auf locabilis.ch Pressemitteilungen und Unternehmensnachrichten ver\u00f6ffentlichen.<\/p>\n<p data-start=\"3005\" data-end=\"3228\">Dabei k\u00f6nnen ebenfalls personenbezogene Daten wie Ansprechpartner, Firmenvertreter oder Kontaktinformationen enthalten sein. Diese werden nur ver\u00f6ffentlicht, wenn sie vom jeweiligen Unternehmen selbst bereitgestellt wurden.<\/p>\n<hr data-start=\"3230\" data-end=\"3233\" \/>\n<h1 data-section-id=\"s7cyyw\" data-start=\"3235\" data-end=\"3247\">7. Cookies<\/h1>\n<p data-start=\"3249\" data-end=\"3370\">Unsere Website verwendet Cookies. Dabei handelt es sich um kleine Textdateien, die auf Ihrem Endger\u00e4t gespeichert werden.<\/p>\n<p data-start=\"3372\" data-end=\"3463\">Cookies dienen dazu, unser Angebot benutzerfreundlicher, effektiver und sicherer zu machen.<\/p>\n<p data-start=\"3465\" data-end=\"3583\">Sie k\u00f6nnen die Speicherung von Cookies \u00fcber die Einstellungen Ihres Browsers jederzeit deaktivieren oder einschr\u00e4nken.<\/p>\n<hr data-start=\"3585\" data-end=\"3588\" \/>\n<h1 data-section-id=\"yoz8qi\" data-start=\"3590\" data-end=\"3622\">8. Analyse-Tools und Statistik<\/h1>\n<p data-start=\"3624\" data-end=\"3756\">Zur Verbesserung unseres Angebots k\u00f6nnen Analyse-Tools eingesetzt werden, die anonymisierte Daten \u00fcber das Nutzerverhalten erfassen.<\/p>\n<p data-start=\"3758\" data-end=\"3794\">Diese Daten helfen uns zu verstehen:<\/p>\n<ul data-start=\"3796\" data-end=\"3928\">\n<li data-section-id=\"16hfoji\" data-start=\"3796\" data-end=\"3846\">\n<p data-start=\"3798\" data-end=\"3846\">welche Inhalte besonders h\u00e4ufig besucht werden<\/p>\n<\/li>\n<li data-section-id=\"fcxogy\" data-start=\"3847\" data-end=\"3886\">\n<p data-start=\"3849\" data-end=\"3886\">wie Nutzer unsere Website verwenden<\/p>\n<\/li>\n<li data-section-id=\"3ibv7h\" data-start=\"3887\" data-end=\"3928\">\n<p data-start=\"3889\" data-end=\"3928\">wie wir unser Angebot verbessern k\u00f6nnen<\/p>\n<\/li>\n<\/ul>\n<p data-start=\"3930\" data-end=\"4031\">Dabei werden keine personenbezogenen Daten gespeichert, die eine direkte Identifizierung erm\u00f6glichen.<\/p>\n<hr data-start=\"4033\" data-end=\"4036\" \/>\n<h1 data-section-id=\"1ggmc9j\" data-start=\"4038\" data-end=\"4064\">9. Speicherung der Daten<\/h1>\n<p data-start=\"4066\" data-end=\"4222\">Personenbezogene Daten werden nur so lange gespeichert, wie dies f\u00fcr den jeweiligen Zweck erforderlich ist oder gesetzliche Aufbewahrungspflichten bestehen.<\/p>\n<p data-start=\"4224\" data-end=\"4317\">Unternehmenseintr\u00e4ge bleiben gespeichert, solange sie aktiv auf der Plattform gef\u00fchrt werden.<\/p>\n<hr data-start=\"4319\" data-end=\"4322\" \/>\n<h1 data-section-id=\"1xdquyl\" data-start=\"4324\" data-end=\"4350\">10. Weitergabe von Daten<\/h1>\n<p data-start=\"4352\" data-end=\"4438\">Eine Weitergabe personenbezogener Daten an Dritte erfolgt grunds\u00e4tzlich nicht, ausser:<\/p>\n<ul data-start=\"4440\" data-end=\"4585\">\n<li data-section-id=\"1p4j0bh\" data-start=\"4440\" data-end=\"4483\">\n<p data-start=\"4442\" data-end=\"4483\">wenn dies gesetzlich vorgeschrieben ist<\/p>\n<\/li>\n<li data-section-id=\"1v5i44\" data-start=\"4484\" data-end=\"4537\">\n<p data-start=\"4486\" data-end=\"4537\">wenn dies zur Vertragsabwicklung erforderlich ist<\/p>\n<\/li>\n<li data-section-id=\"a8lucl\" data-start=\"4538\" data-end=\"4585\">\n<p data-start=\"4540\" data-end=\"4585\">wenn eine ausdr\u00fcckliche Einwilligung vorliegt<\/p>\n<\/li>\n<\/ul>\n<hr data-start=\"4587\" data-end=\"4590\" \/>\n<h1 data-section-id=\"1mc6d6u\" data-start=\"4592\" data-end=\"4629\">11. Rechte der betroffenen Personen<\/h1>\n<p data-start=\"4631\" data-end=\"4665\">Sie haben jederzeit das Recht auf:<\/p>\n<ul data-start=\"4667\" data-end=\"4846\">\n<li data-section-id=\"f9qm1y\" data-start=\"4667\" data-end=\"4709\">\n<p data-start=\"4669\" data-end=\"4709\">Auskunft \u00fcber Ihre gespeicherten Daten<\/p>\n<\/li>\n<li data-section-id=\"194f1z9\" data-start=\"4710\" data-end=\"4744\">\n<p data-start=\"4712\" data-end=\"4744\">Berichtigung unrichtiger Daten<\/p>\n<\/li>\n<li data-section-id=\"ckgzm0\" data-start=\"4745\" data-end=\"4769\">\n<p data-start=\"4747\" data-end=\"4769\">L\u00f6schung Ihrer Daten<\/p>\n<\/li>\n<li data-section-id=\"9enzfe\" data-start=\"4770\" data-end=\"4804\">\n<p data-start=\"4772\" data-end=\"4804\">Einschr\u00e4nkung der Verarbeitung<\/p>\n<\/li>\n<li data-section-id=\"1mn5zgi\" data-start=\"4805\" data-end=\"4846\">\n<p data-start=\"4807\" data-end=\"4846\">Widerspruch gegen die Datenverarbeitung<\/p>\n<\/li>\n<\/ul>\n<p data-start=\"4848\" data-end=\"4913\">Zur Aus\u00fcbung dieser Rechte k\u00f6nnen Sie uns jederzeit kontaktieren.<\/p>\n<p data-start=\"4915\" data-end=\"4940\">E-Mail: <a class=\"decorated-link cursor-pointer\" rel=\"noopener\" data-start=\"4923\" data-end=\"4940\">info@locabilis.ch<\/a><\/p>\n<hr data-start=\"4942\" data-end=\"4945\" \/>\n<h1 data-section-id=\"uwlh2f\" data-start=\"4947\" data-end=\"4968\">12. Datensicherheit<\/h1>\n<p data-start=\"4970\" data-end=\"5118\">Wir setzen technische und organisatorische Sicherheitsmassnahmen ein, um Ihre Daten gegen Manipulation, Verlust oder unbefugten Zugriff zu sch\u00fctzen.<\/p>\n<p data-start=\"5120\" data-end=\"5224\">Unsere Sicherheitsmassnahmen werden entsprechend der technologischen Entwicklung fortlaufend verbessert.<\/p>\n<hr data-start=\"5226\" data-end=\"5229\" \/>\n<h1 data-section-id=\"1v5tbx0\" data-start=\"5231\" data-end=\"5272\">13. \u00c4nderungen der Datenschutzerkl\u00e4rung<\/h1>\n<p data-start=\"5274\" data-end=\"5468\">Wir behalten uns vor, diese Datenschutzerkl\u00e4rung jederzeit anzupassen, damit sie stets den aktuellen rechtlichen Anforderungen entspricht oder \u00c4nderungen unserer Dienstleistungen ber\u00fccksichtigt.<\/p>\n<p data-start=\"5470\" data-end=\"5542\">Die jeweils aktuelle Version ist jederzeit auf dieser Website verf\u00fcgbar.<\/p>\n<hr data-start=\"5544\" data-end=\"5547\" \/>\n<h1 data-section-id=\"9pvpvn\" data-start=\"5549\" data-end=\"5584\">14. Kontakt bei Datenschutzfragen<\/h1>\n<p data-start=\"5586\" data-end=\"5653\">Bei Fragen zum Datenschutz k\u00f6nnen Sie sich jederzeit an uns wenden:<\/p>\n<p data-start=\"5655\" data-end=\"5725\"><strong data-start=\"5655\" data-end=\"5672\">credxperts AG<\/strong><br data-start=\"5672\" data-end=\"5675\" \/>Lindenackerstrasse 1a<br data-start=\"5696\" data-end=\"5699\" \/>8360 Eschlikon<br data-start=\"5713\" data-end=\"5716\" \/>Schweiz<\/p>\n<p data-start=\"5727\" data-end=\"5777\">Telefon: 044 244 34 04<br data-start=\"5749\" data-end=\"5752\" \/>E-Mail: <a class=\"decorated-link cursor-pointer\" rel=\"noopener\" data-start=\"5760\" data-end=\"5777\">info@locabilis.ch<\/a><\/p>","protected":false},"excerpt":{"rendered":"<p>Datenschutzerkl\u00e4rung 1. Allgemeine Hinweise Der Schutz Ihrer pers\u00f6nlichen Daten ist uns ein wichtiges Anliegen. In dieser Datenschutzerkl\u00e4rung informieren wir Sie dar\u00fcber, welche personenbezogenen Daten auf der Website locabilis.ch erhoben werden und wie diese verwendet werden. Die Nutzung unserer Website ist grunds\u00e4tzlich ohne Angabe personenbezogener Daten m\u00f6glich. Sofern eine betroffene Person besondere Services unserer Website \u00fcber [&hellip;]<\/p>\n","protected":false},"author":5,"featured_media":0,"parent":0,"menu_order":0,"comment_status":"closed","ping_status":"closed","template":"","meta":{"_acf_changed":false,"_seopress_robots_primary_cat":"","_seopress_titles_title":"","_seopress_titles_desc":"","_seopress_robots_index":"","footnotes":""},"categories":[],"class_list":["post-92","page","type-page","status-publish","hentry"],"acf":[],"_links":{"self":[{"href":"https:\/\/locabilis.staging1.net\/fr\/wp-json\/wp\/v2\/pages\/92","targetHints":{"allow":["GET"]}}],"collection":[{"href":"https:\/\/locabilis.staging1.net\/fr\/wp-json\/wp\/v2\/pages"}],"about":[{"href":"https:\/\/locabilis.staging1.net\/fr\/wp-json\/wp\/v2\/types\/page"}],"author":[{"embeddable":true,"href":"https:\/\/locabilis.staging1.net\/fr\/wp-json\/wp\/v2\/users\/5"}],"replies":[{"embeddable":true,"href":"https:\/\/locabilis.staging1.net\/fr\/wp-json\/wp\/v2\/comments?post=92"}],"version-history":[{"count":3,"href":"https:\/\/locabilis.staging1.net\/fr\/wp-json\/wp\/v2\/pages\/92\/revisions"}],"predecessor-version":[{"id":4323,"href":"https:\/\/locabilis.staging1.net\/fr\/wp-json\/wp\/v2\/pages\/92\/revisions\/4323"}],"wp:attachment":[{"href":"https:\/\/locabilis.staging1.net\/fr\/wp-json\/wp\/v2\/media?parent=92"}],"wp:term":[{"taxonomy":"category","embeddable":true,"href":"https:\/\/locabilis.staging1.net\/fr\/wp-json\/wp\/v2\/categories?post=92"}],"curies":[{"name":"wp","href":"https:\/\/api.w.org\/{rel}","templated":true}]}}